{"id":146,"date":"2017-11-25T03:00:12","date_gmt":"2017-11-25T03:00:12","guid":{"rendered":"http:\/\/eng4y.com\/home\/?page_id=146"},"modified":"2026-03-07T20:41:49","modified_gmt":"2026-03-07T20:41:49","slug":"pagina-principal","status":"publish","type":"page","link":"https:\/\/eng4y.com\/home\/","title":{"rendered":"Home"},"content":{"rendered":"<h2 style=\"text-align: center;\"><strong><span style=\"color: #800000;\">\u00a1Bienvenidos! a <span style=\"color: #003366;\">English for You<\/span><\/span><br \/>\n<\/strong><\/h2>\n<p style=\"text-align: center;\">\t\t<div class=\"wpsm_service_b_row\" id=\"wpsm_service_b_row_79\">\r\n\t\t\t    <div class=\"wpsm_row\">\r\n        <style>\r\n\t\t\t.wpsm_row{\r\n\t\t\t\toverflow:hidden;\r\n\t\t\t\tdisplay:block;\r\n\t\t\t\twidth:100%;\r\n\t\t\t}\r\n\t\t\t.wpsm_service_b_row{ \r\n\t\t\t\toverflow:hidden;\r\n\t\t\t\tdisplay:block;\r\n\t\t\t\twidth:100%;\r\n\t\t\t\tborder:0px solid #ddd;\r\n\t\t\t\tmargin-bottom:20px;\r\n\t\t\t}\r\n\t\t\t\t\r\n\t\t #wpsm_service_b_row_79 .wpsm_serviceBox{\r\n\t\t\tpadding: 20px 10px 20px 10px;\r\n\t\t\ttext-align: center;\r\n\t\t\ttransition: all 0.3s ease 0s;\r\n\t\t    background:#ffffff;\r\n\t\t\tmargin-bottom:30px;\r\n\t\t}\r\n\t\t \r\n\t\t #wpsm_service_b_row_79 .wpsm_serviceBox .wpsm_service-icon i{\r\n\t\t\tfont-size: 60px;\r\n\t\t\t color: #bf3437 !important;\r\n\t\t}\r\n\t\t #wpsm_service_b_row_79 .wpsm_serviceBox .wpsm_service-content h3{\r\n\t\t   color: #bf3437 !important;\r\n\t\t\tfont-size: 16px !important;\r\n\t\t\tfont-weight: 600;\r\n\t\t\t\t\t\tfont-family:'Open Sans' !important;\r\n\t\t\t\t\t   clear:inherit !important;\r\n\t\t\tline-height:1.4 !important;\r\n\t\t\tmargin-top:10px !important;\r\n\t\t\tmargin-bottom:0px !important;\r\n\t\t}\r\n\t\t #wpsm_service_b_row_79 .wpsm_serviceBox .wpsm_service-content p{\r\n\t\t   color:#999999 !important;\r\n\t\t\tfont-size: 13px !important;\r\n\t\t\tline-height:1.4 !important;\r\n\t\t\t\t\t\tfont-family:'Open Sans' !important;\r\n\t\t\t\t\t\tmargin-top:10px !important;\r\n\t\t\tmargin-bottom:0px !important;\r\n\t\t\t\r\n\t\t\t\r\n\t\t}\r\n\t\t #wpsm_service_b_row_79 .wpsm_serviceBox .wpsm_read_more{\r\n\t\t   margin-top:15px;\r\n\t\t   color: #000000 !important;\r\n\t\t\tfont-size: 11px !important;\r\n\t\t   background:#ffffff;\r\n\t\t\tborder: 2px solid #ffffff;\r\n\t\t\ttext-decoration: none;\r\n\t\t\tdisplay: inline-block;\r\n\t\t\tpadding: 7px 10px;\r\n\t\t   border-radius: 0;\r\n\t\t\tfont-weight: normal;\r\n\t\t\t\t\t\tfont-family:'Open Sans' !important;\r\n\t\t\t\t\t}\r\n\t\t\r\n\r\n\t\t\t\t\r\n\t\t<\/style>\r\n\t\t\t\t\t\t\t<div class=\"wpsm_col-md-4 wpsm_col-sm-6\">\r\n\t\t\t\t\t\t<div class=\"wpsm_serviceBox\">\r\n\t\t\t\t\t\t\t\t\t\t\t\t\t\t\t<div class=\"wpsm_service-icon\">\r\n\t\t\t\t\t\t\t\t\t<i class=\"fa fa-envira\"><\/i>\r\n\t\t\t\t\t\t\t\t<\/div>\r\n\t\t\t\t\t\t\t\t\t\t\t\t\t\t<div class=\"wpsm_service-content\">\r\n\t\t\t\t\t\t\t\t<h3>Quienes Somos<\/h3>\r\n\t\t\t\t\t\t\t\t<p>\r\n\t\t\t\t\t\t\t\t\tSomos  una compa\u00f1\u00eda an\u00f3nima destinada a la investigaci\u00f3n y ense\u00f1anza del idioma ingl\u00e9s como segunda lengua a grupos de personas naturales, empresas e instituciones.\t\t\t\t\t\t\t\t<\/p>\r\n\t\t\t\t\t\t\t<\/div>\r\n\t\t\t\t\t\t\t\t\t\t\t\t\t\t\t\t\t\t\t\t\t<\/div>\r\n\t\t\t\t\t<\/div>\r\n\t\t\t\t\t\t\t\t\t<div class=\"wpsm_col-md-4 wpsm_col-sm-6\">\r\n\t\t\t\t\t\t<div class=\"wpsm_serviceBox\">\r\n\t\t\t\t\t\t\t\t\t\t\t\t\t\t\t<div class=\"wpsm_service-icon\">\r\n\t\t\t\t\t\t\t\t\t<i class=\"fa fa-cogs\"><\/i>\r\n\t\t\t\t\t\t\t\t<\/div>\r\n\t\t\t\t\t\t\t\t\t\t\t\t\t\t<div class=\"wpsm_service-content\">\r\n\t\t\t\t\t\t\t\t<h3>Metodolog\u00eda<\/h3>\r\n\t\t\t\t\t\t\t\t<p>\r\n\t\t\t\t\t\t\t\t\tLa ense\u00f1anza del ingl\u00e9s se basa en el enfoque comunicativo, consiste en usar de manera efectiva, natural y espont\u00e1nea todos los conocimientos ling\u00fc\u00edsticos adquiridos en dicha lengua. \r\nLa ense\u00f1anza del idioma ingl\u00e9s es ecl\u00e9ctica, est\u00e1 dirigida a los aspectos positivos de otros enfoques necesarios para la adquisici\u00f3n eficaz del mismo.\t\t\t\t\t\t\t\t<\/p>\r\n\t\t\t\t\t\t\t<\/div>\r\n\t\t\t\t\t\t\t\t\t\t\t\t\t\t\t\t\t\t\t\t\t<\/div>\r\n\t\t\t\t\t<\/div>\r\n\t\t\t\t\t\t\t\t\t<div class=\"wpsm_col-md-4 wpsm_col-sm-6\">\r\n\t\t\t\t\t\t<div class=\"wpsm_serviceBox\">\r\n\t\t\t\t\t\t\t\t\t\t\t\t\t\t\t<div class=\"wpsm_service-icon\">\r\n\t\t\t\t\t\t\t\t\t<i class=\"fa fa-connectdevelop\"><\/i>\r\n\t\t\t\t\t\t\t\t<\/div>\r\n\t\t\t\t\t\t\t\t\t\t\t\t\t\t<div class=\"wpsm_service-content\">\r\n\t\t\t\t\t\t\t\t<h3>E-learning<\/h3>\r\n\t\t\t\t\t\t\t\t<p>\r\n\t\t\t\t\t\t\t\t\tNuestra plataforma virtual de aprendizaje permite explorar aspectos tales como:  Prueba de Nivelaci\u00f3n , Proceso de Matriculaci\u00f3n, adem\u00e1s de interactuar con otros enlaces de inter\u00e9s relacionados  con la adquisici\u00f3n del idioma ingl\u00e9s como segunda lengua.\t\t\t\t\t\t\t\t<\/p>\r\n\t\t\t\t\t\t\t<\/div>\r\n\t\t\t\t\t\t\t\t\t\t\t\t\t\t\t\t\t\t\t\t\t<\/div>\r\n\t\t\t\t\t<\/div>\r\n\t\t\t\t\t\t\t\t\t<\/div>\r\n\t\t\t\t\t<div class=\"wpsm_row\">\r\n\t\t\t\t\t    \t\t\r\n    <\/div>\r\n    \t\t<\/div>\r\n\t\t\r\n\t\n<p style=\"text-align: center;\"><div class=\"tx-service default\" style=\"\"><div class=\"tx-service-icon\"><span><i class=\"fa fa-university\"><\/i><\/span><\/div><div class=\"tx-service-title\"> <\/div><div class=\"tx-service-text\"><\/div><\/div>\n<p align=\"center\"><a class=\"tx-button\" href=\"https:\/\/moodle.eng4y.com\/login\/index.php\" target=\"_self\" style=\"color: ; background-color: #ffffff\">Ingresar a la Plataforma E-learning<\/a>\n<p style=\"text-align: center;\">\n","protected":false},"excerpt":{"rendered":"<p>\u00a1Bienvenidos! a English for You<\/p>\n","protected":false},"author":1,"featured_media":0,"parent":0,"menu_order":0,"comment_status":"closed","ping_status":"closed","template":"","meta":{"footnotes":""},"_links":{"self":[{"href":"https:\/\/eng4y.com\/home\/index.php?rest_route=\/wp\/v2\/pages\/146"}],"collection":[{"href":"https:\/\/eng4y.com\/home\/index.php?rest_route=\/wp\/v2\/pages"}],"about":[{"href":"https:\/\/eng4y.com\/home\/index.php?rest_route=\/wp\/v2\/types\/page"}],"author":[{"embeddable":true,"href":"https:\/\/eng4y.com\/home\/index.php?rest_route=\/wp\/v2\/users\/1"}],"replies":[{"embeddable":true,"href":"https:\/\/eng4y.com\/home\/index.php?rest_route=%2Fwp%2Fv2%2Fcomments&post=146"}],"version-history":[{"count":58,"href":"https:\/\/eng4y.com\/home\/index.php?rest_route=\/wp\/v2\/pages\/146\/revisions"}],"predecessor-version":[{"id":622,"href":"https:\/\/eng4y.com\/home\/index.php?rest_route=\/wp\/v2\/pages\/146\/revisions\/622"}],"wp:attachment":[{"href":"https:\/\/eng4y.com\/home\/index.php?rest_route=%2Fwp%2Fv2%2Fmedia&parent=146"}],"curies":[{"name":"wp","href":"https:\/\/api.w.org\/{rel}","templated":true}]}}